{"id":2638,"date":"2021-02-25T16:58:29","date_gmt":"2021-02-25T15:58:29","guid":{"rendered":"https:\/\/www.sumca.fr\/politique-de-confidentialite\/"},"modified":"2025-11-25T15:13:09","modified_gmt":"2025-11-25T14:13:09","slug":"politique-de-confidentialite","status":"publish","type":"page","link":"https:\/\/www.sumca.fr\/fr\/politique-de-confidentialite\/","title":{"rendered":"Politique de confidentialit\u00e9"},"content":{"rendered":"\n<h1 class=\"wp-block-heading\" id=\"politique-de-confidentialite-et-protection-des-donnees-personnelles\">POLITIQUE DE CONFIDENTIALIT\u00c9 ET PROTECTION DES DONN\u00c9ES PERSONNELLES<\/h1>\n\n\n\n<p>La soci\u00e9t\u00e9 Sumca s\u2019engage \u00e0 assurer le meilleur niveau de protection de vos donn\u00e9es \u00e0 caract\u00e8re personnel.<\/p>\n\n\n\n<h2 class=\"wp-block-heading\" id=\"qui-collecte-vos-donnees-a-caractere-personnel\">Qui collecte vos donn\u00e9es \u00e0 caract\u00e8re personnel ?<\/h2>\n\n\n\n<p>Le responsable du traitement mis en \u0153uvre sur le site Sumca est : Trevor HIrd<\/p>\n\n\n\n<p>Sumca, dont le si\u00e8ge social est situ\u00e9 :<br>Route de Cign\u00e9 \u2013 Zone Industrielle<br>53300 Ambrieres-les-vallees, France<br>T\u00e9l. : +33 (0) 243 088 015<br>Fax : +33 (0) 243 049 674<\/p>\n\n\n\n<p><br>La soci\u00e9t\u00e9 Sumca, en tant que responsable de traitement, s\u2019engage \u00e0 respecter les dispositions de la loi n\u00b078-17 du 6 janvier 1978 modifi\u00e9e relative \u00e0 l\u2019informatique, aux fichiers et aux libert\u00e9s s\u2019agissant du traitement automatis\u00e9 de donn\u00e9es \u00e0 caract\u00e8re personnel r\u00e9alis\u00e9 ainsi que le r\u00e8glement (UE) n\u00b02016\/679 du 27 avril 2016 \u00e0 partir de son application le 25 mai 2018.<\/p>\n\n\n\n<h2 class=\"wp-block-heading\" id=\"a-qui-vos-donnees-a-caractere-personnel-sont-elles-transmises\">\u00c0 qui vos donn\u00e9es \u00e0 caract\u00e8re personnel sont-elles transmises ?<\/h2>\n\n\n\n<p>Vos donn\u00e9es sont uniquement transmises aux employ\u00e9s de la soci\u00e9t\u00e9 Sumca.<\/p>\n\n\n\n<h2 class=\"wp-block-heading\" id=\"quels-sont-les-finalites-du-traitement-de-vos-donnees-collectees-a-caractere-personnel\">Quels sont les finalit\u00e9s du traitement de vos donn\u00e9es collect\u00e9es \u00e0 caract\u00e8re personnel ?<\/h2>\n\n\n\n<p>La soci\u00e9t\u00e9 Sumca est amen\u00e9e \u00e0 collecter et \u00e0 enregistrer des donn\u00e9es \u00e0 caract\u00e8re personnel de ses internautes (clients, prospects et prescripteurs) pour effectuer les traitements suivants :<br><\/p>\n\n\n\n<ul class=\"wp-block-list\">\n<li>Cr\u00e9ation et gestion du compte client<\/li>\n\n\n\n<li>Information des services nouveaux ou modifi\u00e9s<\/li>\n\n\n\n<li>R\u00e9ponse aux questions et envoi de propositions commerciales par email (suite \u00e0 votre demande)<\/li>\n\n\n\n<li>\u00c9laboration de statistiques commerciales.<\/li>\n<\/ul>\n\n\n\n<p>A l\u2019exception des op\u00e9rations de prospection commerciale, Sumca consid\u00e8re que l\u2019ensemble des traitements ci-dessus sont n\u00e9cessaire \u00e0 l\u2019ex\u00e9cution de ces services. Les op\u00e9rations de prospection commerciale reposent sur le consentement de la personne concern\u00e9e au traitement de ses donn\u00e9es.<\/p>\n\n\n\n<h2 class=\"wp-block-heading\" id=\"combien-de-temps-vos-donnees-seront-elles-conservees\">Combien de temps vos donn\u00e9es seront-elles conserv\u00e9es ?<\/h2>\n\n\n\n<p>La soci\u00e9t\u00e9 Sumca conservera vos donn\u00e9es personnelles pour les dur\u00e9es suivantes :<br>L\u2019ensemble des donn\u00e9es personnelles collect\u00e9es aupr\u00e8s de l\u2019internaute \u00ab client \u00bb seront conserv\u00e9es pour toute la dur\u00e9e de la relation commerciale et pour une dur\u00e9e de 5 ann\u00e9es \u00e0 compter de la fin de ladite relation commerciale (par exemple \u00e0 compter de la date de votre dernier achat\u2026), L\u2019ensemble des donn\u00e9es personnelles collect\u00e9es aupr\u00e8s de l\u2019internaute \u00ab prospects ou prescripteurs \u00bb, seront conserv\u00e9es pendant 3 ann\u00e9es \u00e0 compter du dernier contact \u00e9manant de l\u2019internaute (par exemple demande d\u2019information sur un produit, un clic sur un lien hypertexte\u2026).<\/p>\n\n\n\n<h2 class=\"wp-block-heading\" id=\"quels-sont-vos-droits-a-l-acces-aux-donnees-a-caractere-personnel-et-comment-les-exercer\">Quels sont vos droits \u00e0 l\u2019acc\u00e8s aux donn\u00e9es \u00e0 caract\u00e8re personnel et comment les exercer ?<\/h2>\n\n\n\n<p>Toute personne physique utilisant le service a la facult\u00e9 d\u2019exercer ses droits d\u2019acc\u00e8s, de rectification, d\u2019opposition et d\u2019effacement au traitement de ses donn\u00e9es conform\u00e9ment aux articles 38 \u00e0 40 de la loi du 6 janvier 1978. En application du r\u00e8glement 2016\/679 du 27 avril 2016, la personne physique peut exercer son droit \u00e0 la limitation du traitement, \u00e0 l\u2019effacement de ses donn\u00e9es et la portabilit\u00e9 \u00e0 partir du 25 mai 2018. Ces droits peuvent \u00eatre exerc\u00e9s aupr\u00e8s de la soci\u00e9t\u00e9 Sumca qui a collect\u00e9 les donn\u00e9es \u00e0 caract\u00e8re personnel de la mani\u00e8re suivante, en nous \u00e9crivant :<\/p>\n\n\n\n<p>Par voie postale :<br>Route de Cign\u00e9 \u2013 Zone Industrielle<br>53300 Ambrieres-les-vallees, France<br><\/p>\n\n\n\n<p>La soci\u00e9t\u00e9 Sumca adressera une r\u00e9ponse dans un d\u00e9lai maximal de 1 mois apr\u00e8s l\u2019exercice du droit. En cas de r\u00e9ponse non satisfaisante, la personne concern\u00e9e \u00e0 la facult\u00e9 de saisir la <a href=\"https:\/\/www.cnil.fr\/\" target=\"_BLANK\" rel=\"noreferrer noopener\">CNIL<\/a>.<\/p>\n","protected":false},"excerpt":{"rendered":"<p>POLITIQUE DE CONFIDENTIALIT\u00c9 ET PROTECTION DES DONN\u00c9ES PERSONNELLES La soci\u00e9t\u00e9 Sumca s\u2019engage \u00e0 assurer le meilleur niveau de protection de vos donn\u00e9es \u00e0 caract\u00e8re personnel. Qui collecte vos donn\u00e9es \u00e0 caract\u00e8re personnel ? Le responsable du traitement mis en \u0153uvre sur le site Sumca est : Trevor HIrd Sumca, dont le si\u00e8ge social est situ\u00e9 [&hellip;]<\/p>\n","protected":false},"author":7,"featured_media":0,"parent":0,"menu_order":0,"comment_status":"closed","ping_status":"closed","template":"","meta":{"_acf_changed":false,"inline_featured_image":false,"footnotes":""},"class_list":["post-2638","page","type-page","status-publish","hentry"],"acf":[],"yoast_head":"<!-- This site is optimized with the Yoast SEO plugin v27.4 - https:\/\/yoast.com\/product\/yoast-seo-wordpress\/ -->\n<title>Politique de confidentialit\u00e9 - Sumca<\/title>\n<meta name=\"robots\" content=\"noindex, nofollow\" \/>\n<meta property=\"og:locale\" content=\"fr_FR\" \/>\n<meta property=\"og:type\" content=\"article\" \/>\n<meta property=\"og:title\" content=\"Politique de confidentialit\u00e9 - Sumca\" \/>\n<meta property=\"og:description\" content=\"POLITIQUE DE CONFIDENTIALIT\u00c9 ET PROTECTION DES DONN\u00c9ES PERSONNELLES La soci\u00e9t\u00e9 Sumca s\u2019engage \u00e0 assurer le meilleur niveau de protection de vos donn\u00e9es \u00e0 caract\u00e8re personnel. Qui collecte vos donn\u00e9es \u00e0 caract\u00e8re personnel ? Le responsable du traitement mis en \u0153uvre sur le site Sumca est : Trevor HIrd Sumca, dont le si\u00e8ge social est situ\u00e9 [&hellip;]\" \/>\n<meta property=\"og:url\" content=\"https:\/\/www.sumca.fr\/fr\/politique-de-confidentialite\/\" \/>\n<meta property=\"og:site_name\" content=\"Sumca\" \/>\n<meta property=\"article:modified_time\" content=\"2025-11-25T14:13:09+00:00\" \/>\n<meta name=\"twitter:card\" content=\"summary_large_image\" \/>\n<meta name=\"twitter:label1\" content=\"Dur\u00e9e de lecture estim\u00e9e\" \/>\n\t<meta name=\"twitter:data1\" content=\"3 minutes\" \/>\n<script type=\"application\/ld+json\" class=\"yoast-schema-graph\">{\"@context\":\"https:\\\/\\\/schema.org\",\"@graph\":[{\"@type\":\"WebPage\",\"@id\":\"https:\\\/\\\/www.sumca.fr\\\/fr\\\/politique-de-confidentialite\\\/\",\"url\":\"https:\\\/\\\/www.sumca.fr\\\/fr\\\/politique-de-confidentialite\\\/\",\"name\":\"Politique de confidentialit\u00e9 - Sumca\",\"isPartOf\":{\"@id\":\"https:\\\/\\\/www.sumca.fr\\\/fr\\\/#website\"},\"datePublished\":\"2021-02-25T15:58:29+00:00\",\"dateModified\":\"2025-11-25T14:13:09+00:00\",\"breadcrumb\":{\"@id\":\"https:\\\/\\\/www.sumca.fr\\\/fr\\\/politique-de-confidentialite\\\/#breadcrumb\"},\"inLanguage\":\"fr-FR\",\"potentialAction\":[{\"@type\":\"ReadAction\",\"target\":[\"https:\\\/\\\/www.sumca.fr\\\/fr\\\/politique-de-confidentialite\\\/\"]}]},{\"@type\":\"BreadcrumbList\",\"@id\":\"https:\\\/\\\/www.sumca.fr\\\/fr\\\/politique-de-confidentialite\\\/#breadcrumb\",\"itemListElement\":[{\"@type\":\"ListItem\",\"position\":1,\"name\":\"Sumca\",\"item\":\"https:\\\/\\\/www.sumca.fr\\\/fr\\\/\"},{\"@type\":\"ListItem\",\"position\":2,\"name\":\"Politique de confidentialit\u00e9\"}]},{\"@type\":\"WebSite\",\"@id\":\"https:\\\/\\\/www.sumca.fr\\\/fr\\\/#website\",\"url\":\"https:\\\/\\\/www.sumca.fr\\\/fr\\\/\",\"name\":\"Sumca\",\"description\":\"Un site utilisant WordPress\",\"publisher\":{\"@id\":\"https:\\\/\\\/www.sumca.fr\\\/fr\\\/#organization\"},\"potentialAction\":[{\"@type\":\"SearchAction\",\"target\":{\"@type\":\"EntryPoint\",\"urlTemplate\":\"https:\\\/\\\/www.sumca.fr\\\/fr\\\/?s={search_term_string}\"},\"query-input\":{\"@type\":\"PropertyValueSpecification\",\"valueRequired\":true,\"valueName\":\"search_term_string\"}}],\"inLanguage\":\"fr-FR\"},{\"@type\":\"Organization\",\"@id\":\"https:\\\/\\\/www.sumca.fr\\\/fr\\\/#organization\",\"name\":\"Sumca\",\"url\":\"https:\\\/\\\/www.sumca.fr\\\/fr\\\/\",\"logo\":{\"@type\":\"ImageObject\",\"inLanguage\":\"fr-FR\",\"@id\":\"https:\\\/\\\/www.sumca.fr\\\/fr\\\/#\\\/schema\\\/logo\\\/image\\\/\",\"url\":\"https:\\\/\\\/www.sumca.fr\\\/wp-content\\\/uploads\\\/2021\\\/08\\\/logo-sumca.png\",\"contentUrl\":\"https:\\\/\\\/www.sumca.fr\\\/wp-content\\\/uploads\\\/2021\\\/08\\\/logo-sumca.png\",\"width\":247,\"height\":67,\"caption\":\"Sumca\"},\"image\":{\"@id\":\"https:\\\/\\\/www.sumca.fr\\\/fr\\\/#\\\/schema\\\/logo\\\/image\\\/\"}}]}<\/script>\n<!-- \/ Yoast SEO plugin. -->","yoast_head_json":{"title":"Politique de confidentialit\u00e9 - Sumca","robots":{"index":"noindex","follow":"nofollow"},"og_locale":"fr_FR","og_type":"article","og_title":"Politique de confidentialit\u00e9 - Sumca","og_description":"POLITIQUE DE CONFIDENTIALIT\u00c9 ET PROTECTION DES DONN\u00c9ES PERSONNELLES La soci\u00e9t\u00e9 Sumca s\u2019engage \u00e0 assurer le meilleur niveau de protection de vos donn\u00e9es \u00e0 caract\u00e8re personnel. Qui collecte vos donn\u00e9es \u00e0 caract\u00e8re personnel ? Le responsable du traitement mis en \u0153uvre sur le site Sumca est : Trevor HIrd Sumca, dont le si\u00e8ge social est situ\u00e9 [&hellip;]","og_url":"https:\/\/www.sumca.fr\/fr\/politique-de-confidentialite\/","og_site_name":"Sumca","article_modified_time":"2025-11-25T14:13:09+00:00","twitter_card":"summary_large_image","twitter_misc":{"Dur\u00e9e de lecture estim\u00e9e":"3 minutes"},"schema":{"@context":"https:\/\/schema.org","@graph":[{"@type":"WebPage","@id":"https:\/\/www.sumca.fr\/fr\/politique-de-confidentialite\/","url":"https:\/\/www.sumca.fr\/fr\/politique-de-confidentialite\/","name":"Politique de confidentialit\u00e9 - Sumca","isPartOf":{"@id":"https:\/\/www.sumca.fr\/fr\/#website"},"datePublished":"2021-02-25T15:58:29+00:00","dateModified":"2025-11-25T14:13:09+00:00","breadcrumb":{"@id":"https:\/\/www.sumca.fr\/fr\/politique-de-confidentialite\/#breadcrumb"},"inLanguage":"fr-FR","potentialAction":[{"@type":"ReadAction","target":["https:\/\/www.sumca.fr\/fr\/politique-de-confidentialite\/"]}]},{"@type":"BreadcrumbList","@id":"https:\/\/www.sumca.fr\/fr\/politique-de-confidentialite\/#breadcrumb","itemListElement":[{"@type":"ListItem","position":1,"name":"Sumca","item":"https:\/\/www.sumca.fr\/fr\/"},{"@type":"ListItem","position":2,"name":"Politique de confidentialit\u00e9"}]},{"@type":"WebSite","@id":"https:\/\/www.sumca.fr\/fr\/#website","url":"https:\/\/www.sumca.fr\/fr\/","name":"Sumca","description":"Un site utilisant WordPress","publisher":{"@id":"https:\/\/www.sumca.fr\/fr\/#organization"},"potentialAction":[{"@type":"SearchAction","target":{"@type":"EntryPoint","urlTemplate":"https:\/\/www.sumca.fr\/fr\/?s={search_term_string}"},"query-input":{"@type":"PropertyValueSpecification","valueRequired":true,"valueName":"search_term_string"}}],"inLanguage":"fr-FR"},{"@type":"Organization","@id":"https:\/\/www.sumca.fr\/fr\/#organization","name":"Sumca","url":"https:\/\/www.sumca.fr\/fr\/","logo":{"@type":"ImageObject","inLanguage":"fr-FR","@id":"https:\/\/www.sumca.fr\/fr\/#\/schema\/logo\/image\/","url":"https:\/\/www.sumca.fr\/wp-content\/uploads\/2021\/08\/logo-sumca.png","contentUrl":"https:\/\/www.sumca.fr\/wp-content\/uploads\/2021\/08\/logo-sumca.png","width":247,"height":67,"caption":"Sumca"},"image":{"@id":"https:\/\/www.sumca.fr\/fr\/#\/schema\/logo\/image\/"}}]}},"_links":{"self":[{"href":"https:\/\/www.sumca.fr\/fr\/wp-json\/wp\/v2\/pages\/2638","targetHints":{"allow":["GET"]}}],"collection":[{"href":"https:\/\/www.sumca.fr\/fr\/wp-json\/wp\/v2\/pages"}],"about":[{"href":"https:\/\/www.sumca.fr\/fr\/wp-json\/wp\/v2\/types\/page"}],"author":[{"embeddable":true,"href":"https:\/\/www.sumca.fr\/fr\/wp-json\/wp\/v2\/users\/7"}],"replies":[{"embeddable":true,"href":"https:\/\/www.sumca.fr\/fr\/wp-json\/wp\/v2\/comments?post=2638"}],"version-history":[{"count":5,"href":"https:\/\/www.sumca.fr\/fr\/wp-json\/wp\/v2\/pages\/2638\/revisions"}],"predecessor-version":[{"id":26408,"href":"https:\/\/www.sumca.fr\/fr\/wp-json\/wp\/v2\/pages\/2638\/revisions\/26408"}],"wp:attachment":[{"href":"https:\/\/www.sumca.fr\/fr\/wp-json\/wp\/v2\/media?parent=2638"}],"curies":[{"name":"wp","href":"https:\/\/api.w.org\/{rel}","templated":true}]}}