{"id":2628,"date":"2021-08-31T10:45:22","date_gmt":"2021-08-31T08:45:22","guid":{"rendered":"https:\/\/www.sumca.fr\/contactez-nous\/"},"modified":"2025-11-25T15:18:37","modified_gmt":"2025-11-25T14:18:37","slug":"contactez-nous","status":"publish","type":"page","link":"https:\/\/www.sumca.fr\/fr\/contactez-nous\/","title":{"rendered":"Nous contacter"},"content":{"rendered":"\n<h2 class=\"wp-block-heading\" id=\"contact-us\">Contactez-nous<\/h2>\n\n\n\n<div class=\"wpcf7 no-js\" id=\"wpcf7-f2637-o1\" lang=\"fr-FR\" dir=\"ltr\" data-wpcf7-id=\"2637\">\n<div class=\"screen-reader-response\"><p role=\"status\" aria-live=\"polite\" aria-atomic=\"true\"><\/p> <ul><\/ul><\/div>\n<form action=\"\/fr\/wp-json\/wp\/v2\/pages\/2628#wpcf7-f2637-o1\" method=\"post\" class=\"wpcf7-form init\" aria-label=\"Formulaire de contact\" novalidate=\"novalidate\" data-status=\"init\">\n<fieldset class=\"hidden-fields-container\"><input type=\"hidden\" name=\"_wpcf7\" value=\"2637\" \/><input type=\"hidden\" name=\"_wpcf7_version\" value=\"6.1.5\" \/><input type=\"hidden\" name=\"_wpcf7_locale\" value=\"fr_FR\" \/><input type=\"hidden\" name=\"_wpcf7_unit_tag\" value=\"wpcf7-f2637-o1\" \/><input type=\"hidden\" name=\"_wpcf7_container_post\" value=\"0\" \/><input type=\"hidden\" name=\"_wpcf7_posted_data_hash\" value=\"\" \/>\n<\/fieldset>\n<fieldset>\n\t<h3 class=\"basic_h2\">Informations personnelles<\/h3>\n\t<div class=\"demi_input\">\n\t\t<label class=\"demi-item\">NOM*<span class=\"wpcf7-form-control-wrap\" data-name=\"nom\"><input size=\"40\" maxlength=\"400\" class=\"wpcf7-form-control wpcf7-text wpcf7-validates-as-required\" aria-required=\"true\" aria-invalid=\"false\" placeholder=\"ex : Dubois\" value=\"\" type=\"text\" name=\"nom\" \/><\/span><\/label>\n\t\t<label class=\"demi-item\">Pr\u00e9nom*<span class=\"wpcf7-form-control-wrap\" data-name=\"prenom\"><input size=\"40\" maxlength=\"400\" class=\"wpcf7-form-control wpcf7-text wpcf7-validates-as-required\" aria-required=\"true\" aria-invalid=\"false\" placeholder=\"ex : Charles\" value=\"\" type=\"text\" name=\"prenom\" \/><\/span><\/label>\n\t<\/div>\n\t<div class=\"demi_input\">\n\t\t<label class=\"demi-item\">E-mail*<span class=\"wpcf7-form-control-wrap\" data-name=\"email\"><input size=\"40\" maxlength=\"400\" class=\"wpcf7-form-control wpcf7-email wpcf7-validates-as-required wpcf7-text wpcf7-validates-as-email\" aria-required=\"true\" aria-invalid=\"false\" placeholder=\"ex : adresse@sumca.fr\" value=\"\" type=\"email\" name=\"email\" \/><\/span><\/label>\n\t\t<label class=\"demi-item\">T\u00e9l\u00e9phone*<span class=\"wpcf7-form-control-wrap\" data-name=\"telephone\"><input size=\"40\" maxlength=\"400\" class=\"wpcf7-form-control wpcf7-tel wpcf7-validates-as-required wpcf7-text wpcf7-validates-as-tel\" aria-required=\"true\" aria-invalid=\"false\" placeholder=\"ex : 06 06 06 06 06\" value=\"\" type=\"tel\" name=\"telephone\" \/><\/span><\/label>\n\t<\/div>\n<\/fieldset>\n\n<fieldset>\n\t<h3 class=\"basic_h2\">INFORMATIONS PROFESSIONNELLES<\/h3>\n\t<div class=\"demi_input\">\n\t\t<label class=\"demi-item\">NOM DE L'ENTREPRISE*<span class=\"wpcf7-form-control-wrap\" data-name=\"societe\"><input size=\"40\" maxlength=\"400\" class=\"wpcf7-form-control wpcf7-text wpcf7-validates-as-required\" aria-required=\"true\" aria-invalid=\"false\" placeholder=\"Ma soci\u00e9t\u00e9\" value=\"\" type=\"text\" name=\"societe\" \/><\/span><\/label>\n\t\t<label class=\"demi-item\">Fonction*<span class=\"wpcf7-form-control-wrap\" data-name=\"fonction\"><input size=\"40\" maxlength=\"400\" class=\"wpcf7-form-control wpcf7-text wpcf7-validates-as-required\" aria-required=\"true\" aria-invalid=\"false\" placeholder=\"ex : Commerciale\" value=\"\" type=\"text\" name=\"fonction\" \/><\/span><\/label>\n\t<\/div>\n\t<div class=\"demi_input\">\n\t\t<label class=\"demi-item\">Adresse*<span class=\"wpcf7-form-control-wrap\" data-name=\"adresse\"><input size=\"40\" maxlength=\"400\" class=\"wpcf7-form-control wpcf7-text wpcf7-validates-as-required\" aria-required=\"true\" aria-invalid=\"false\" placeholder=\"ex : 15 rue du moulin\" value=\"\" type=\"text\" name=\"adresse\" \/><\/span><\/label>\n\t\t<div class=\"demi-item flex_demi_item\">\n\t\t\t<label class=\"demi-item\">Code postal*<span class=\"wpcf7-form-control-wrap\" data-name=\"code\"><input size=\"40\" maxlength=\"400\" class=\"wpcf7-form-control wpcf7-text wpcf7-validates-as-required\" aria-required=\"true\" aria-invalid=\"false\" placeholder=\"ex : 53 000\" value=\"\" type=\"text\" name=\"code\" \/><\/span><\/label>\n\t\t\t<label class=\"demi-item\">VILLE*<span class=\"wpcf7-form-control-wrap\" data-name=\"vile\"><input size=\"40\" maxlength=\"400\" class=\"wpcf7-form-control wpcf7-text wpcf7-validates-as-required\" aria-required=\"true\" aria-invalid=\"false\" placeholder=\"ex : Laval\" value=\"\" type=\"text\" name=\"vile\" \/><\/span><\/label>\n\t\t<\/div>\n\t\t\n\t<\/div>\n<\/fieldset>\n<fieldset>\n\t<label class=\"demi-item\">OBJET*<span class=\"wpcf7-form-control-wrap\" data-name=\"objet\"><input size=\"40\" maxlength=\"400\" class=\"wpcf7-form-control wpcf7-text wpcf7-validates-as-required\" aria-required=\"true\" aria-invalid=\"false\" placeholder=\"objet\" value=\"\" type=\"text\" name=\"objet\" \/><\/span><\/label>\n\t<label class=\"demi-item\">VOTRE MESSAGE*<span class=\"wpcf7-form-control-wrap\" data-name=\"message\"><textarea cols=\"40\" rows=\"10\" maxlength=\"2000\" class=\"wpcf7-form-control wpcf7-textarea wpcf7-validates-as-required\" aria-required=\"true\" aria-invalid=\"false\" placeholder=\"Message\" name=\"message\"><\/textarea><\/span><\/label>\n\t<span class=\"wpcf7-form-control-wrap\" data-name=\"accept\"><span class=\"wpcf7-form-control wpcf7-acceptance\"><span class=\"wpcf7-list-item\"><label><input type=\"checkbox\" name=\"accept\" value=\"1\" class=\"rgpd\" aria-invalid=\"false\" \/><span class=\"wpcf7-list-item-label\">En soumettant ce formulaire, je conviens que mes informations seront utilis\u00e9es exclusivement dans le cadre de ma demande et de la relation d\u2019affaires \u00e9thique et personnalis\u00e9e qui pourrait en r\u00e9sulter, si je le souhaite.<\/span><\/label><\/span><\/span><\/span>\n\t<span class=\"wpcf7-form-control-wrap\" data-name=\"hcap-cf7\">\t\t<input\n\t\t\t\ttype=\"hidden\"\n\t\t\t\tclass=\"hcaptcha-widget-id\"\n\t\t\t\tname=\"hcaptcha-widget-id\"\n\t\t\t\tvalue=\"eyJzb3VyY2UiOlsiY29udGFjdC1mb3JtLTdcL3dwLWNvbnRhY3QtZm9ybS03LnBocCJdLCJmb3JtX2lkIjo0MjR9-acdb2dd4804cf03fd1b2cf525c799844\">\n\t\t\t\t<span id=\"hcap_cf7-69f8b59b5d8888.09466647\" class=\"wpcf7-form-control h-captcha \"\n\t\t\tdata-sitekey=\"64568312-a3da-4720-9452-0ed81b0a07fc\"\n\t\t\tdata-theme=\"light\"\n\t\t\tdata-size=\"invisible\"\n\t\t\tdata-auto=\"false\"\n\t\t\tdata-ajax=\"false\"\n\t\t\tdata-force=\"true\">\n\t\t<\/span>\n\t\t<input type=\"hidden\" id=\"_wpnonce\" name=\"_wpnonce\" value=\"82a5b797e5\" \/><input type=\"hidden\" name=\"_wp_http_referer\" value=\"\/fr\/wp-json\/wp\/v2\/pages\/2628\" \/>\t\t<label for=\"hcap_hp_cgNKb9KhzfUX\"><\/label>\n\t\t<input\n\t\t\t\ttype=\"text\" id=\"hcap_hp_cgNKb9KhzfUX\" name=\"hcap_hp_cgNKb9KhzfUX\" value=\"\"\n\t\t\t\treadonly inputmode=\"none\" autocomplete=\"new-password\" tabindex=\"-1\" aria-hidden=\"true\"\n\t\t\t\tstyle=\"position:absolute; left:-9999px; top:auto; height:0; width:0; opacity:0;\"\/>\n\t\t<input type=\"hidden\" name=\"hcap_hp_sig\" value=\"888339542f\"\/>\n\t\t<\/span><input class=\"wpcf7-form-control wpcf7-submit has-spinner bouton gradient\" type=\"submit\" value=\"Soumettre\" \/>\n<\/fieldset><div class=\"wpcf7-response-output\" aria-hidden=\"true\"><\/div>\n<\/form>\n<\/div>\n\n\n\n\n<p><\/p>\n","protected":false},"excerpt":{"rendered":"<p>Contactez-nous<\/p>\n","protected":false},"author":7,"featured_media":0,"parent":0,"menu_order":0,"comment_status":"closed","ping_status":"closed","template":"template\/page-contact.php","meta":{"_acf_changed":false,"inline_featured_image":false,"footnotes":""},"class_list":["post-2628","page","type-page","status-publish","hentry"],"acf":[],"yoast_head":"<!-- This site is optimized with the Yoast SEO plugin v27.5 - https:\/\/yoast.com\/product\/yoast-seo-wordpress\/ -->\n<title>Nous contacter - Sumca<\/title>\n<meta name=\"description\" content=\"We are here to help - make a call, drop us a line and we will be happy to reach out and connect.\" \/>\n<meta name=\"robots\" content=\"index, follow, max-snippet:-1, max-image-preview:large, max-video-preview:-1\" \/>\n<link rel=\"canonical\" href=\"https:\/\/www.sumca.fr\/fr\/contactez-nous\/\" \/>\n<meta property=\"og:locale\" content=\"fr_FR\" \/>\n<meta property=\"og:type\" content=\"article\" \/>\n<meta property=\"og:title\" content=\"Nous contacter - Sumca\" \/>\n<meta property=\"og:description\" content=\"We are here to help - make a call, drop us a line and we will be happy to reach out and connect.\" \/>\n<meta property=\"og:url\" content=\"https:\/\/www.sumca.fr\/fr\/contactez-nous\/\" \/>\n<meta property=\"og:site_name\" content=\"Sumca\" \/>\n<meta property=\"article:modified_time\" content=\"2025-11-25T14:18:37+00:00\" \/>\n<meta name=\"twitter:card\" content=\"summary_large_image\" \/>\n<meta name=\"twitter:label1\" content=\"Dur\u00e9e de lecture estim\u00e9e\" \/>\n\t<meta name=\"twitter:data1\" content=\"1 minute\" \/>\n<script type=\"application\/ld+json\" class=\"yoast-schema-graph\">{\"@context\":\"https:\\\/\\\/schema.org\",\"@graph\":[{\"@type\":\"WebPage\",\"@id\":\"https:\\\/\\\/www.sumca.fr\\\/fr\\\/contactez-nous\\\/\",\"url\":\"https:\\\/\\\/www.sumca.fr\\\/fr\\\/contactez-nous\\\/\",\"name\":\"Nous contacter - Sumca\",\"isPartOf\":{\"@id\":\"https:\\\/\\\/www.sumca.fr\\\/fr\\\/#website\"},\"datePublished\":\"2021-08-31T08:45:22+00:00\",\"dateModified\":\"2025-11-25T14:18:37+00:00\",\"description\":\"We are here to help - make a call, drop us a line and we will be happy to reach out and connect.\",\"breadcrumb\":{\"@id\":\"https:\\\/\\\/www.sumca.fr\\\/fr\\\/contactez-nous\\\/#breadcrumb\"},\"inLanguage\":\"fr-FR\",\"potentialAction\":[{\"@type\":\"ReadAction\",\"target\":[\"https:\\\/\\\/www.sumca.fr\\\/fr\\\/contactez-nous\\\/\"]}]},{\"@type\":\"BreadcrumbList\",\"@id\":\"https:\\\/\\\/www.sumca.fr\\\/fr\\\/contactez-nous\\\/#breadcrumb\",\"itemListElement\":[{\"@type\":\"ListItem\",\"position\":1,\"name\":\"Sumca\",\"item\":\"https:\\\/\\\/www.sumca.fr\\\/fr\\\/\"},{\"@type\":\"ListItem\",\"position\":2,\"name\":\"Nous contacter\"}]},{\"@type\":\"WebSite\",\"@id\":\"https:\\\/\\\/www.sumca.fr\\\/fr\\\/#website\",\"url\":\"https:\\\/\\\/www.sumca.fr\\\/fr\\\/\",\"name\":\"Sumca\",\"description\":\"Un site utilisant WordPress\",\"publisher\":{\"@id\":\"https:\\\/\\\/www.sumca.fr\\\/fr\\\/#organization\"},\"potentialAction\":[{\"@type\":\"SearchAction\",\"target\":{\"@type\":\"EntryPoint\",\"urlTemplate\":\"https:\\\/\\\/www.sumca.fr\\\/fr\\\/?s={search_term_string}\"},\"query-input\":{\"@type\":\"PropertyValueSpecification\",\"valueRequired\":true,\"valueName\":\"search_term_string\"}}],\"inLanguage\":\"fr-FR\"},{\"@type\":\"Organization\",\"@id\":\"https:\\\/\\\/www.sumca.fr\\\/fr\\\/#organization\",\"name\":\"Sumca\",\"url\":\"https:\\\/\\\/www.sumca.fr\\\/fr\\\/\",\"logo\":{\"@type\":\"ImageObject\",\"inLanguage\":\"fr-FR\",\"@id\":\"https:\\\/\\\/www.sumca.fr\\\/fr\\\/#\\\/schema\\\/logo\\\/image\\\/\",\"url\":\"https:\\\/\\\/www.sumca.fr\\\/wp-content\\\/uploads\\\/2021\\\/08\\\/logo-sumca.png\",\"contentUrl\":\"https:\\\/\\\/www.sumca.fr\\\/wp-content\\\/uploads\\\/2021\\\/08\\\/logo-sumca.png\",\"width\":247,\"height\":67,\"caption\":\"Sumca\"},\"image\":{\"@id\":\"https:\\\/\\\/www.sumca.fr\\\/fr\\\/#\\\/schema\\\/logo\\\/image\\\/\"}}]}<\/script>\n<!-- \/ Yoast SEO plugin. -->","yoast_head_json":{"title":"Nous contacter - Sumca","description":"We are here to help - make a call, drop us a line and we will be happy to reach out and connect.","robots":{"index":"index","follow":"follow","max-snippet":"max-snippet:-1","max-image-preview":"max-image-preview:large","max-video-preview":"max-video-preview:-1"},"canonical":"https:\/\/www.sumca.fr\/fr\/contactez-nous\/","og_locale":"fr_FR","og_type":"article","og_title":"Nous contacter - Sumca","og_description":"We are here to help - make a call, drop us a line and we will be happy to reach out and connect.","og_url":"https:\/\/www.sumca.fr\/fr\/contactez-nous\/","og_site_name":"Sumca","article_modified_time":"2025-11-25T14:18:37+00:00","twitter_card":"summary_large_image","twitter_misc":{"Dur\u00e9e de lecture estim\u00e9e":"1 minute"},"schema":{"@context":"https:\/\/schema.org","@graph":[{"@type":"WebPage","@id":"https:\/\/www.sumca.fr\/fr\/contactez-nous\/","url":"https:\/\/www.sumca.fr\/fr\/contactez-nous\/","name":"Nous contacter - Sumca","isPartOf":{"@id":"https:\/\/www.sumca.fr\/fr\/#website"},"datePublished":"2021-08-31T08:45:22+00:00","dateModified":"2025-11-25T14:18:37+00:00","description":"We are here to help - make a call, drop us a line and we will be happy to reach out and connect.","breadcrumb":{"@id":"https:\/\/www.sumca.fr\/fr\/contactez-nous\/#breadcrumb"},"inLanguage":"fr-FR","potentialAction":[{"@type":"ReadAction","target":["https:\/\/www.sumca.fr\/fr\/contactez-nous\/"]}]},{"@type":"BreadcrumbList","@id":"https:\/\/www.sumca.fr\/fr\/contactez-nous\/#breadcrumb","itemListElement":[{"@type":"ListItem","position":1,"name":"Sumca","item":"https:\/\/www.sumca.fr\/fr\/"},{"@type":"ListItem","position":2,"name":"Nous contacter"}]},{"@type":"WebSite","@id":"https:\/\/www.sumca.fr\/fr\/#website","url":"https:\/\/www.sumca.fr\/fr\/","name":"Sumca","description":"Un site utilisant WordPress","publisher":{"@id":"https:\/\/www.sumca.fr\/fr\/#organization"},"potentialAction":[{"@type":"SearchAction","target":{"@type":"EntryPoint","urlTemplate":"https:\/\/www.sumca.fr\/fr\/?s={search_term_string}"},"query-input":{"@type":"PropertyValueSpecification","valueRequired":true,"valueName":"search_term_string"}}],"inLanguage":"fr-FR"},{"@type":"Organization","@id":"https:\/\/www.sumca.fr\/fr\/#organization","name":"Sumca","url":"https:\/\/www.sumca.fr\/fr\/","logo":{"@type":"ImageObject","inLanguage":"fr-FR","@id":"https:\/\/www.sumca.fr\/fr\/#\/schema\/logo\/image\/","url":"https:\/\/www.sumca.fr\/wp-content\/uploads\/2021\/08\/logo-sumca.png","contentUrl":"https:\/\/www.sumca.fr\/wp-content\/uploads\/2021\/08\/logo-sumca.png","width":247,"height":67,"caption":"Sumca"},"image":{"@id":"https:\/\/www.sumca.fr\/fr\/#\/schema\/logo\/image\/"}}]}},"_links":{"self":[{"href":"https:\/\/www.sumca.fr\/fr\/wp-json\/wp\/v2\/pages\/2628","targetHints":{"allow":["GET"]}}],"collection":[{"href":"https:\/\/www.sumca.fr\/fr\/wp-json\/wp\/v2\/pages"}],"about":[{"href":"https:\/\/www.sumca.fr\/fr\/wp-json\/wp\/v2\/types\/page"}],"author":[{"embeddable":true,"href":"https:\/\/www.sumca.fr\/fr\/wp-json\/wp\/v2\/users\/7"}],"replies":[{"embeddable":true,"href":"https:\/\/www.sumca.fr\/fr\/wp-json\/wp\/v2\/comments?post=2628"}],"version-history":[{"count":9,"href":"https:\/\/www.sumca.fr\/fr\/wp-json\/wp\/v2\/pages\/2628\/revisions"}],"predecessor-version":[{"id":4388,"href":"https:\/\/www.sumca.fr\/fr\/wp-json\/wp\/v2\/pages\/2628\/revisions\/4388"}],"wp:attachment":[{"href":"https:\/\/www.sumca.fr\/fr\/wp-json\/wp\/v2\/media?parent=2628"}],"curies":[{"name":"wp","href":"https:\/\/api.w.org\/{rel}","templated":true}]}}