{"id":2404,"date":"2021-10-11T18:00:53","date_gmt":"2021-10-11T16:00:53","guid":{"rendered":"https:\/\/www.sumca.fr\/verkaufsbedingungen\/"},"modified":"2022-02-21T15:48:09","modified_gmt":"2022-02-21T14:48:09","slug":"verkaufsbedingungen","status":"publish","type":"page","link":"https:\/\/www.sumca.fr\/de\/verkaufsbedingungen\/","title":{"rendered":"Verkaufsbedingungen"},"content":{"rendered":"\n<h2 class=\"wp-block-heading\" id=\"1-presentation-de-notre-site-web\">1. Pr\u00e9sentation de notre site web<\/h2>\n\n\n\n<p>Conform\u00e9ment \u00e0 la loi n\u00b0 2004-2005 du 21 juin 2004 pour la confiance dans l\u2019\u00e9conomie num\u00e9rique, notre site web cr\u00e9\u00e9 par M\u00e9diapilote, une agence s\u00e9rieuse, propri\u00e9taire du site www.mediapilote.com, met \u00e0 disposition du public les informations concernant notre entreprise.<br>Eventuellement modifiables, nous vous invitons donc \u00e0 consulter nos mentions l\u00e9gales le plus souvent possible, de mani\u00e8re \u00e0 en prendre connaissance fr\u00e9quemment<br>Le site www.sumca.fr appartient \u00e0 SUMCA \u2013 SAS SIRET 31470346300021, dont le si\u00e8ge social est situ\u00e9 \u00e0 l\u2019adresse suivante : Route de Cign\u00e9 \u2013 Zone Industrielle 53300 AMBRIERES-LES-VALLEES FRANCE.<br>Personne physique ou morale, Trevor HIRD est responsable de la publication, dont l\u2019adresse e-mail est la suivante : contact(@)sumca.fr<br>Le webmaster, Webmaster, est responsable de l\u2019administration du site, dont l\u2019adresse e-mail est la suivante : contact(@)sumca.fr.<br>Le site www.sumca.fr est h\u00e9berg\u00e9 par OVH, dont le si\u00e8ge social est localis\u00e9 \u00e0 l\u2019adresse suivante : 2 rue Kellermann 59100 Roubaix France.<br>Cr\u00e9dits : ces mentions l\u00e9gales ont \u00e9t\u00e9s g\u00e9n\u00e9r\u00e9es et offertes via cet outil http:\/\/www.g7design.fr\/g7blog\/g7design\/un-generateur-de-mentions-legales-gratuit.html. Les \u00e9diteurs se d\u00e9chargent de toutes responsabilit\u00e9s.<\/p>\n\n\n\n<h2 class=\"wp-block-heading\" id=\"2-conditions-generales-d-utilisation-du-site-et-des-services-proposes\">2. Conditions g\u00e9n\u00e9rales d\u2019utilisation du site et des services propos\u00e9s.<\/h2>\n\n\n\n<p>En utilisant notre site web www.sumca.fr, vous acceptez pleinement et enti\u00e8rement les conditions g\u00e9n\u00e9rales d\u2019utilisation pr\u00e9cis\u00e9es dans nos mentions l\u00e9gales. Accessible \u00e0 tout type de visiteurs, il est important de pr\u00e9ciser toutefois qu\u2019une interruption pour maintenance du site web peut-\u00eatre d\u00e9cid\u00e9e par SUMCA. Les dates et heures d\u2019interruptions seront n\u00e9anmoins pr\u00e9cis\u00e9es \u00e0 l\u2019avance aux utilisateurs.<\/p>\n\n\n\n<h2 class=\"wp-block-heading\" id=\"3-les-produits-ou-services-proposes-par-www-sumca-fr\">3. Les produits ou services propos\u00e9s par www.sumca.fr<\/h2>\n\n\n\n<p>En accord avec sa politique de communication, le site www.sumca.fr a pour vocation d\u2019informer les utilisateurs sur les services propos\u00e9s par SUMCA, qui s\u2019efforce alors de fournir des informations pr\u00e9cises sur son activit\u00e9. Cependant, des inexactitudes ou des omissions peuvent exister : la soci\u00e9t\u00e9 ne pourra en aucun cas \u00eatre tenue pour responsable pour toute erreur pr\u00e9sente sur le site www.sumca.fr<\/p>\n\n\n\n<h2 class=\"wp-block-heading\" id=\"4-limitations-contractuelles\">4. Limitations contractuelles<\/h2>\n\n\n\n<p>Les informations retranscrites sur notre site web www.sumca.fr font l\u2019objet de d\u00e9marches qualitatives, en vue de nous assurer de leur fiabilit\u00e9. Cependant, nous ne pourrons encourir de responsabilit\u00e9s en cas d\u2019inexactitudes techniques lors de nos explications.<br>Si vous constatez une erreur concernant des informations que nous auront pu omettre, n\u2019h\u00e9sitez pas \u00e0 nous le signaler par mail \u00e0 contact(@)sumca.fr.<br>Les liens reli\u00e9s directement ou indirectement \u00e0 notre site web www.sumca.fr ne sont pas sous le contr\u00f4le de notre soci\u00e9t\u00e9. Par cons\u00e9quent, nous ne pouvons nous assurer de l\u2019exactitude des informations pr\u00e9sentes sur ces autres sites Internet.<br>Utilisant la technologie JavaScript, le site www.sumca.fr ne pourra \u00eatre tenu pour responsable en cas de dommages mat\u00e9riels li\u00e9s \u00e0 son utilisation. Par ailleurs, toute autre type de cons\u00e9quence li\u00e9e \u00e0 l\u2019exploitation du site www.sumca.fr, qu\u2019elle soit direct ou indirect (bug, incompatibilit\u00e9, virus, perte de march\u00e9, etc.).<\/p>\n\n\n\n<h2 class=\"wp-block-heading\" id=\"5-propriete-intellectuelle-et-contenu-du-site-internet\">5. Propri\u00e9t\u00e9 intellectuelle et contenu du site Internet<\/h2>\n\n\n\n<p>Le contenu r\u00e9dactionnel du site web www.sumca.fr appartient exclusivement \u00e0 SUMCA. Toute violation des droits d\u2019auteur est sanctionn\u00e9e par l\u2019article L.335-2 du Code de la Propri\u00e9t\u00e9 Intellectuelle, avec une peine encourue de 2 ans d\u2019emprisonnement et de 150 000\u20ac d\u2019amende<br>Le site www.sumca.fr ne pourra \u00eatre mis en cause en cas de propos injurieux, \u00e0 caract\u00e8re raciste, diffamant ou pornographique, \u00e9chang\u00e9s sur les espaces interactifs. La soci\u00e9t\u00e9 se r\u00e9serve \u00e9galement le droit de supprimer tout contenu contraire aux valeurs de l\u2019entreprise ou \u00e0 la l\u00e9gislation applicable en France.<br>En naviguant sur le site www.sumca.fr, l\u2019utilisateur accepte \u00e9galement l\u2019installation de cookies \u00e9ventuelle sur son ordinateur.<\/p>\n\n\n\n<h2 class=\"wp-block-heading\" id=\"6-donnees-personnelles-respect-de-votre-vie-privee-et-de-vos-libertes\">6. Donn\u00e9es personnelles, respect de votre vie priv\u00e9e et de vos libert\u00e9s<\/h2>\n\n\n\n<p>Toute informations recueillie sur le site web www.sumca.fr se font dans le cadre des besoins li\u00e9s \u00e0 l\u2019utilisation de notre plateforme, tels que le formulaire de commande ou la demande d\u2019inscription \u00e0 la Newsletter. Par ailleurs, le d\u00e9sabonnement de la Newsletter se fait gr\u00e2ce au lien situ\u00e9 en pied de page.<br>SUMCA s\u2019engage \u00e0 ne c\u00e9der en aucun cas les informations concernant les utilisateurs du site Internet, de quelque fa\u00e7on qu\u2019il soit (vente, \u00e9change, pr\u00eat, location, don).<br>Conform\u00e9ment \u00e0 la loi \u00ab informatique et libert\u00e9s \u00bb du 6 janvier 1978 modifi\u00e9e en 2004, l\u2019utilisateur b\u00e9n\u00e9ficie d\u2019un droit d\u2019acc\u00e8s et de rectification aux informations le concernant, droit qu\u2019il peut exercer \u00e0 tout moment en adressant un mail \u00e0 l\u2019adresse contact(@)sumca.fr, ou en effectuant sa demande par courrier, \u00e0 l\u2019adresse suivante : Route de Cigne \u2013 Zone Industrielle 53300 AMBRIERES LES VALLEES FRANCE.<\/p>\n\n\n\n<h2 class=\"wp-block-heading\" id=\"7-droit-applicable-et-lois-concernees\">7. Droit applicable et lois concern\u00e9es<\/h2>\n\n\n\n<p>Soumis au droit fran\u00e7ais, le site web www.sumca.fr est encadr\u00e9 par la loi n\u00b0 2004-2005 du 21 juin 2004 pour la confiance dans l\u2019\u00e9conomie num\u00e9rique, l\u2019article L.335-2 du Code de la Propri\u00e9t\u00e9 Intellectuelle et la loi \u00ab informatique et libert\u00e9s \u00bb du 6 janvier 1978 modifi\u00e9e en 2004.<\/p>\n","protected":false},"excerpt":{"rendered":"<p>1. Pr\u00e9sentation de notre site web Conform\u00e9ment \u00e0 la loi n\u00b0 2004-2005 du 21 juin 2004 pour la confiance dans l\u2019\u00e9conomie num\u00e9rique, notre site web cr\u00e9\u00e9 par M\u00e9diapilote, une agence s\u00e9rieuse, propri\u00e9taire du site www.mediapilote.com, met \u00e0 disposition du public les informations concernant notre entreprise.Eventuellement modifiables, nous vous invitons donc \u00e0 consulter nos mentions l\u00e9gales [&hellip;]<\/p>\n","protected":false},"author":7,"featured_media":0,"parent":0,"menu_order":0,"comment_status":"closed","ping_status":"closed","template":"","meta":{"_acf_changed":false,"inline_featured_image":false,"footnotes":""},"class_list":["post-2404","page","type-page","status-publish","hentry"],"acf":[],"yoast_head":"<!-- This site is optimized with the Yoast SEO plugin v27.3 - https:\/\/yoast.com\/product\/yoast-seo-wordpress\/ -->\n<title>Verkaufsbedingungen - Sumca<\/title>\n<meta name=\"robots\" content=\"index, follow, max-snippet:-1, max-image-preview:large, max-video-preview:-1\" \/>\n<link rel=\"canonical\" href=\"https:\/\/www.sumca.fr\/de\/verkaufsbedingungen\/\" \/>\n<meta property=\"og:locale\" content=\"de_DE\" \/>\n<meta property=\"og:type\" content=\"article\" \/>\n<meta property=\"og:title\" content=\"Verkaufsbedingungen - Sumca\" \/>\n<meta property=\"og:description\" content=\"1. Pr\u00e9sentation de notre site web Conform\u00e9ment \u00e0 la loi n\u00b0 2004-2005 du 21 juin 2004 pour la confiance dans l\u2019\u00e9conomie num\u00e9rique, notre site web cr\u00e9\u00e9 par M\u00e9diapilote, une agence s\u00e9rieuse, propri\u00e9taire du site www.mediapilote.com, met \u00e0 disposition du public les informations concernant notre entreprise.Eventuellement modifiables, nous vous invitons donc \u00e0 consulter nos mentions l\u00e9gales [&hellip;]\" \/>\n<meta property=\"og:url\" content=\"https:\/\/www.sumca.fr\/de\/verkaufsbedingungen\/\" \/>\n<meta property=\"og:site_name\" content=\"Sumca\" \/>\n<meta property=\"article:modified_time\" content=\"2022-02-21T14:48:09+00:00\" \/>\n<meta name=\"twitter:card\" content=\"summary_large_image\" \/>\n<meta name=\"twitter:label1\" content=\"Gesch\u00e4tzte Lesezeit\" \/>\n\t<meta name=\"twitter:data1\" content=\"4\u00a0Minuten\" \/>\n<script type=\"application\/ld+json\" class=\"yoast-schema-graph\">{\"@context\":\"https:\\\/\\\/schema.org\",\"@graph\":[{\"@type\":\"WebPage\",\"@id\":\"https:\\\/\\\/www.sumca.fr\\\/de\\\/verkaufsbedingungen\\\/\",\"url\":\"https:\\\/\\\/www.sumca.fr\\\/de\\\/verkaufsbedingungen\\\/\",\"name\":\"Verkaufsbedingungen - Sumca\",\"isPartOf\":{\"@id\":\"https:\\\/\\\/www.sumca.fr\\\/de\\\/#website\"},\"datePublished\":\"2021-10-11T16:00:53+00:00\",\"dateModified\":\"2022-02-21T14:48:09+00:00\",\"breadcrumb\":{\"@id\":\"https:\\\/\\\/www.sumca.fr\\\/de\\\/verkaufsbedingungen\\\/#breadcrumb\"},\"inLanguage\":\"de\",\"potentialAction\":[{\"@type\":\"ReadAction\",\"target\":[\"https:\\\/\\\/www.sumca.fr\\\/de\\\/verkaufsbedingungen\\\/\"]}]},{\"@type\":\"BreadcrumbList\",\"@id\":\"https:\\\/\\\/www.sumca.fr\\\/de\\\/verkaufsbedingungen\\\/#breadcrumb\",\"itemListElement\":[{\"@type\":\"ListItem\",\"position\":1,\"name\":\"Sumca\",\"item\":\"https:\\\/\\\/www.sumca.fr\\\/de\\\/\"},{\"@type\":\"ListItem\",\"position\":2,\"name\":\"Verkaufsbedingungen\"}]},{\"@type\":\"WebSite\",\"@id\":\"https:\\\/\\\/www.sumca.fr\\\/de\\\/#website\",\"url\":\"https:\\\/\\\/www.sumca.fr\\\/de\\\/\",\"name\":\"Sumca\",\"description\":\"Un site utilisant WordPress\",\"publisher\":{\"@id\":\"https:\\\/\\\/www.sumca.fr\\\/de\\\/#organization\"},\"potentialAction\":[{\"@type\":\"SearchAction\",\"target\":{\"@type\":\"EntryPoint\",\"urlTemplate\":\"https:\\\/\\\/www.sumca.fr\\\/de\\\/?s={search_term_string}\"},\"query-input\":{\"@type\":\"PropertyValueSpecification\",\"valueRequired\":true,\"valueName\":\"search_term_string\"}}],\"inLanguage\":\"de\"},{\"@type\":\"Organization\",\"@id\":\"https:\\\/\\\/www.sumca.fr\\\/de\\\/#organization\",\"name\":\"Sumca\",\"url\":\"https:\\\/\\\/www.sumca.fr\\\/de\\\/\",\"logo\":{\"@type\":\"ImageObject\",\"inLanguage\":\"de\",\"@id\":\"https:\\\/\\\/www.sumca.fr\\\/de\\\/#\\\/schema\\\/logo\\\/image\\\/\",\"url\":\"https:\\\/\\\/www.sumca.fr\\\/wp-content\\\/uploads\\\/2021\\\/08\\\/logo-sumca.png\",\"contentUrl\":\"https:\\\/\\\/www.sumca.fr\\\/wp-content\\\/uploads\\\/2021\\\/08\\\/logo-sumca.png\",\"width\":247,\"height\":67,\"caption\":\"Sumca\"},\"image\":{\"@id\":\"https:\\\/\\\/www.sumca.fr\\\/de\\\/#\\\/schema\\\/logo\\\/image\\\/\"}}]}<\/script>\n<!-- \/ Yoast SEO plugin. -->","yoast_head_json":{"title":"Verkaufsbedingungen - Sumca","robots":{"index":"index","follow":"follow","max-snippet":"max-snippet:-1","max-image-preview":"max-image-preview:large","max-video-preview":"max-video-preview:-1"},"canonical":"https:\/\/www.sumca.fr\/de\/verkaufsbedingungen\/","og_locale":"de_DE","og_type":"article","og_title":"Verkaufsbedingungen - Sumca","og_description":"1. Pr\u00e9sentation de notre site web Conform\u00e9ment \u00e0 la loi n\u00b0 2004-2005 du 21 juin 2004 pour la confiance dans l\u2019\u00e9conomie num\u00e9rique, notre site web cr\u00e9\u00e9 par M\u00e9diapilote, une agence s\u00e9rieuse, propri\u00e9taire du site www.mediapilote.com, met \u00e0 disposition du public les informations concernant notre entreprise.Eventuellement modifiables, nous vous invitons donc \u00e0 consulter nos mentions l\u00e9gales [&hellip;]","og_url":"https:\/\/www.sumca.fr\/de\/verkaufsbedingungen\/","og_site_name":"Sumca","article_modified_time":"2022-02-21T14:48:09+00:00","twitter_card":"summary_large_image","twitter_misc":{"Gesch\u00e4tzte Lesezeit":"4\u00a0Minuten"},"schema":{"@context":"https:\/\/schema.org","@graph":[{"@type":"WebPage","@id":"https:\/\/www.sumca.fr\/de\/verkaufsbedingungen\/","url":"https:\/\/www.sumca.fr\/de\/verkaufsbedingungen\/","name":"Verkaufsbedingungen - Sumca","isPartOf":{"@id":"https:\/\/www.sumca.fr\/de\/#website"},"datePublished":"2021-10-11T16:00:53+00:00","dateModified":"2022-02-21T14:48:09+00:00","breadcrumb":{"@id":"https:\/\/www.sumca.fr\/de\/verkaufsbedingungen\/#breadcrumb"},"inLanguage":"de","potentialAction":[{"@type":"ReadAction","target":["https:\/\/www.sumca.fr\/de\/verkaufsbedingungen\/"]}]},{"@type":"BreadcrumbList","@id":"https:\/\/www.sumca.fr\/de\/verkaufsbedingungen\/#breadcrumb","itemListElement":[{"@type":"ListItem","position":1,"name":"Sumca","item":"https:\/\/www.sumca.fr\/de\/"},{"@type":"ListItem","position":2,"name":"Verkaufsbedingungen"}]},{"@type":"WebSite","@id":"https:\/\/www.sumca.fr\/de\/#website","url":"https:\/\/www.sumca.fr\/de\/","name":"Sumca","description":"Un site utilisant WordPress","publisher":{"@id":"https:\/\/www.sumca.fr\/de\/#organization"},"potentialAction":[{"@type":"SearchAction","target":{"@type":"EntryPoint","urlTemplate":"https:\/\/www.sumca.fr\/de\/?s={search_term_string}"},"query-input":{"@type":"PropertyValueSpecification","valueRequired":true,"valueName":"search_term_string"}}],"inLanguage":"de"},{"@type":"Organization","@id":"https:\/\/www.sumca.fr\/de\/#organization","name":"Sumca","url":"https:\/\/www.sumca.fr\/de\/","logo":{"@type":"ImageObject","inLanguage":"de","@id":"https:\/\/www.sumca.fr\/de\/#\/schema\/logo\/image\/","url":"https:\/\/www.sumca.fr\/wp-content\/uploads\/2021\/08\/logo-sumca.png","contentUrl":"https:\/\/www.sumca.fr\/wp-content\/uploads\/2021\/08\/logo-sumca.png","width":247,"height":67,"caption":"Sumca"},"image":{"@id":"https:\/\/www.sumca.fr\/de\/#\/schema\/logo\/image\/"}}]}},"_links":{"self":[{"href":"https:\/\/www.sumca.fr\/de\/wp-json\/wp\/v2\/pages\/2404","targetHints":{"allow":["GET"]}}],"collection":[{"href":"https:\/\/www.sumca.fr\/de\/wp-json\/wp\/v2\/pages"}],"about":[{"href":"https:\/\/www.sumca.fr\/de\/wp-json\/wp\/v2\/types\/page"}],"author":[{"embeddable":true,"href":"https:\/\/www.sumca.fr\/de\/wp-json\/wp\/v2\/users\/7"}],"replies":[{"embeddable":true,"href":"https:\/\/www.sumca.fr\/de\/wp-json\/wp\/v2\/comments?post=2404"}],"version-history":[{"count":3,"href":"https:\/\/www.sumca.fr\/de\/wp-json\/wp\/v2\/pages\/2404\/revisions"}],"predecessor-version":[{"id":2407,"href":"https:\/\/www.sumca.fr\/de\/wp-json\/wp\/v2\/pages\/2404\/revisions\/2407"}],"wp:attachment":[{"href":"https:\/\/www.sumca.fr\/de\/wp-json\/wp\/v2\/media?parent=2404"}],"curies":[{"name":"wp","href":"https:\/\/api.w.org\/{rel}","templated":true}]}}