{"id":2357,"date":"2021-08-31T10:45:02","date_gmt":"2021-08-31T08:45:02","guid":{"rendered":"https:\/\/www.sumca.fr\/design-beratung\/"},"modified":"2022-03-23T17:48:18","modified_gmt":"2022-03-23T16:48:18","slug":"design-beratung","status":"publish","type":"page","link":"https:\/\/www.sumca.fr\/de\/design-beratung\/","title":{"rendered":"Design &amp; Beratung"},"content":{"rendered":"","protected":false},"excerpt":{"rendered":"","protected":false},"author":7,"featured_media":0,"parent":0,"menu_order":0,"comment_status":"closed","ping_status":"closed","template":"template\/page-bei.php","meta":{"_acf_changed":false,"inline_featured_image":false,"footnotes":""},"class_list":["post-2357","page","type-page","status-publish","hentry"],"acf":[],"yoast_head":"<!-- This site is optimized with the Yoast SEO plugin v27.3 - https:\/\/yoast.com\/product\/yoast-seo-wordpress\/ -->\n<title>Design &amp; Beratung - Sumca<\/title>\n<meta name=\"description\" content=\"L\u00f6sungen f\u00fcr Ihre Probleme sind unsere Spezialit\u00e4t. Wir helfen Ihnen gerne bei Ihren Herausforderungen mit unseren bestens ausgebildeten und erfahrenen Konstrukteuren.\" \/>\n<meta name=\"robots\" content=\"index, follow, max-snippet:-1, max-image-preview:large, max-video-preview:-1\" \/>\n<link rel=\"canonical\" href=\"https:\/\/www.sumca.fr\/de\/design-beratung\/\" \/>\n<meta property=\"og:locale\" content=\"de_DE\" \/>\n<meta property=\"og:type\" content=\"article\" \/>\n<meta property=\"og:title\" content=\"Design &amp; Beratung - Sumca\" \/>\n<meta property=\"og:description\" content=\"L\u00f6sungen f\u00fcr Ihre Probleme sind unsere Spezialit\u00e4t. Wir helfen Ihnen gerne bei Ihren Herausforderungen mit unseren bestens ausgebildeten und erfahrenen Konstrukteuren.\" \/>\n<meta property=\"og:url\" content=\"https:\/\/www.sumca.fr\/de\/design-beratung\/\" \/>\n<meta property=\"og:site_name\" content=\"Sumca\" \/>\n<meta property=\"article:modified_time\" content=\"2022-03-23T16:48:18+00:00\" \/>\n<meta name=\"twitter:card\" content=\"summary_large_image\" \/>\n<script type=\"application\/ld+json\" class=\"yoast-schema-graph\">{\"@context\":\"https:\\\/\\\/schema.org\",\"@graph\":[{\"@type\":\"WebPage\",\"@id\":\"https:\\\/\\\/www.sumca.fr\\\/de\\\/design-beratung\\\/\",\"url\":\"https:\\\/\\\/www.sumca.fr\\\/de\\\/design-beratung\\\/\",\"name\":\"Design &amp; Beratung - Sumca\",\"isPartOf\":{\"@id\":\"https:\\\/\\\/www.sumca.fr\\\/de\\\/#website\"},\"datePublished\":\"2021-08-31T08:45:02+00:00\",\"dateModified\":\"2022-03-23T16:48:18+00:00\",\"description\":\"L\u00f6sungen f\u00fcr Ihre Probleme sind unsere Spezialit\u00e4t. Wir helfen Ihnen gerne bei Ihren Herausforderungen mit unseren bestens ausgebildeten und erfahrenen Konstrukteuren.\",\"breadcrumb\":{\"@id\":\"https:\\\/\\\/www.sumca.fr\\\/de\\\/design-beratung\\\/#breadcrumb\"},\"inLanguage\":\"de\",\"potentialAction\":[{\"@type\":\"ReadAction\",\"target\":[\"https:\\\/\\\/www.sumca.fr\\\/de\\\/design-beratung\\\/\"]}]},{\"@type\":\"BreadcrumbList\",\"@id\":\"https:\\\/\\\/www.sumca.fr\\\/de\\\/design-beratung\\\/#breadcrumb\",\"itemListElement\":[{\"@type\":\"ListItem\",\"position\":1,\"name\":\"Sumca\",\"item\":\"https:\\\/\\\/www.sumca.fr\\\/de\\\/\"},{\"@type\":\"ListItem\",\"position\":2,\"name\":\"Design &amp; Beratung\"}]},{\"@type\":\"WebSite\",\"@id\":\"https:\\\/\\\/www.sumca.fr\\\/de\\\/#website\",\"url\":\"https:\\\/\\\/www.sumca.fr\\\/de\\\/\",\"name\":\"Sumca\",\"description\":\"Un site utilisant WordPress\",\"publisher\":{\"@id\":\"https:\\\/\\\/www.sumca.fr\\\/de\\\/#organization\"},\"potentialAction\":[{\"@type\":\"SearchAction\",\"target\":{\"@type\":\"EntryPoint\",\"urlTemplate\":\"https:\\\/\\\/www.sumca.fr\\\/de\\\/?s={search_term_string}\"},\"query-input\":{\"@type\":\"PropertyValueSpecification\",\"valueRequired\":true,\"valueName\":\"search_term_string\"}}],\"inLanguage\":\"de\"},{\"@type\":\"Organization\",\"@id\":\"https:\\\/\\\/www.sumca.fr\\\/de\\\/#organization\",\"name\":\"Sumca\",\"url\":\"https:\\\/\\\/www.sumca.fr\\\/de\\\/\",\"logo\":{\"@type\":\"ImageObject\",\"inLanguage\":\"de\",\"@id\":\"https:\\\/\\\/www.sumca.fr\\\/de\\\/#\\\/schema\\\/logo\\\/image\\\/\",\"url\":\"https:\\\/\\\/www.sumca.fr\\\/wp-content\\\/uploads\\\/2021\\\/08\\\/logo-sumca.png\",\"contentUrl\":\"https:\\\/\\\/www.sumca.fr\\\/wp-content\\\/uploads\\\/2021\\\/08\\\/logo-sumca.png\",\"width\":247,\"height\":67,\"caption\":\"Sumca\"},\"image\":{\"@id\":\"https:\\\/\\\/www.sumca.fr\\\/de\\\/#\\\/schema\\\/logo\\\/image\\\/\"}}]}<\/script>\n<!-- \/ Yoast SEO plugin. -->","yoast_head_json":{"title":"Design &amp; Beratung - Sumca","description":"L\u00f6sungen f\u00fcr Ihre Probleme sind unsere Spezialit\u00e4t. Wir helfen Ihnen gerne bei Ihren Herausforderungen mit unseren bestens ausgebildeten und erfahrenen Konstrukteuren.","robots":{"index":"index","follow":"follow","max-snippet":"max-snippet:-1","max-image-preview":"max-image-preview:large","max-video-preview":"max-video-preview:-1"},"canonical":"https:\/\/www.sumca.fr\/de\/design-beratung\/","og_locale":"de_DE","og_type":"article","og_title":"Design &amp; Beratung - Sumca","og_description":"L\u00f6sungen f\u00fcr Ihre Probleme sind unsere Spezialit\u00e4t. Wir helfen Ihnen gerne bei Ihren Herausforderungen mit unseren bestens ausgebildeten und erfahrenen Konstrukteuren.","og_url":"https:\/\/www.sumca.fr\/de\/design-beratung\/","og_site_name":"Sumca","article_modified_time":"2022-03-23T16:48:18+00:00","twitter_card":"summary_large_image","schema":{"@context":"https:\/\/schema.org","@graph":[{"@type":"WebPage","@id":"https:\/\/www.sumca.fr\/de\/design-beratung\/","url":"https:\/\/www.sumca.fr\/de\/design-beratung\/","name":"Design &amp; Beratung - Sumca","isPartOf":{"@id":"https:\/\/www.sumca.fr\/de\/#website"},"datePublished":"2021-08-31T08:45:02+00:00","dateModified":"2022-03-23T16:48:18+00:00","description":"L\u00f6sungen f\u00fcr Ihre Probleme sind unsere Spezialit\u00e4t. Wir helfen Ihnen gerne bei Ihren Herausforderungen mit unseren bestens ausgebildeten und erfahrenen Konstrukteuren.","breadcrumb":{"@id":"https:\/\/www.sumca.fr\/de\/design-beratung\/#breadcrumb"},"inLanguage":"de","potentialAction":[{"@type":"ReadAction","target":["https:\/\/www.sumca.fr\/de\/design-beratung\/"]}]},{"@type":"BreadcrumbList","@id":"https:\/\/www.sumca.fr\/de\/design-beratung\/#breadcrumb","itemListElement":[{"@type":"ListItem","position":1,"name":"Sumca","item":"https:\/\/www.sumca.fr\/de\/"},{"@type":"ListItem","position":2,"name":"Design &amp; Beratung"}]},{"@type":"WebSite","@id":"https:\/\/www.sumca.fr\/de\/#website","url":"https:\/\/www.sumca.fr\/de\/","name":"Sumca","description":"Un site utilisant WordPress","publisher":{"@id":"https:\/\/www.sumca.fr\/de\/#organization"},"potentialAction":[{"@type":"SearchAction","target":{"@type":"EntryPoint","urlTemplate":"https:\/\/www.sumca.fr\/de\/?s={search_term_string}"},"query-input":{"@type":"PropertyValueSpecification","valueRequired":true,"valueName":"search_term_string"}}],"inLanguage":"de"},{"@type":"Organization","@id":"https:\/\/www.sumca.fr\/de\/#organization","name":"Sumca","url":"https:\/\/www.sumca.fr\/de\/","logo":{"@type":"ImageObject","inLanguage":"de","@id":"https:\/\/www.sumca.fr\/de\/#\/schema\/logo\/image\/","url":"https:\/\/www.sumca.fr\/wp-content\/uploads\/2021\/08\/logo-sumca.png","contentUrl":"https:\/\/www.sumca.fr\/wp-content\/uploads\/2021\/08\/logo-sumca.png","width":247,"height":67,"caption":"Sumca"},"image":{"@id":"https:\/\/www.sumca.fr\/de\/#\/schema\/logo\/image\/"}}]}},"_links":{"self":[{"href":"https:\/\/www.sumca.fr\/de\/wp-json\/wp\/v2\/pages\/2357","targetHints":{"allow":["GET"]}}],"collection":[{"href":"https:\/\/www.sumca.fr\/de\/wp-json\/wp\/v2\/pages"}],"about":[{"href":"https:\/\/www.sumca.fr\/de\/wp-json\/wp\/v2\/types\/page"}],"author":[{"embeddable":true,"href":"https:\/\/www.sumca.fr\/de\/wp-json\/wp\/v2\/users\/7"}],"replies":[{"embeddable":true,"href":"https:\/\/www.sumca.fr\/de\/wp-json\/wp\/v2\/comments?post=2357"}],"version-history":[{"count":4,"href":"https:\/\/www.sumca.fr\/de\/wp-json\/wp\/v2\/pages\/2357\/revisions"}],"predecessor-version":[{"id":2482,"href":"https:\/\/www.sumca.fr\/de\/wp-json\/wp\/v2\/pages\/2357\/revisions\/2482"}],"wp:attachment":[{"href":"https:\/\/www.sumca.fr\/de\/wp-json\/wp\/v2\/media?parent=2357"}],"curies":[{"name":"wp","href":"https:\/\/api.w.org\/{rel}","templated":true}]}}