{"id":2354,"date":"2021-08-31T10:44:43","date_gmt":"2021-08-31T08:44:43","guid":{"rendered":"https:\/\/www.sumca.fr\/unsere-maerkte\/"},"modified":"2022-03-23T17:47:54","modified_gmt":"2022-03-23T16:47:54","slug":"unsere-maerkte","status":"publish","type":"page","link":"https:\/\/www.sumca.fr\/de\/unsere-maerkte\/","title":{"rendered":"Unsere M\u00e4rkte"},"content":{"rendered":"","protected":false},"excerpt":{"rendered":"","protected":false},"author":7,"featured_media":0,"parent":0,"menu_order":0,"comment_status":"closed","ping_status":"closed","template":"template\/page-domaine-activite.php","meta":{"_acf_changed":false,"inline_featured_image":false,"footnotes":""},"class_list":["post-2354","page","type-page","status-publish","hentry"],"acf":[],"yoast_head":"<!-- This site is optimized with the Yoast SEO plugin v27.4 - https:\/\/yoast.com\/product\/yoast-seo-wordpress\/ -->\n<title>Unsere M\u00e4rkte - Sumca<\/title>\n<meta name=\"description\" content=\"Verbindungen in verschiedene M\u00e4rkte, von Elektronik bis zu Automotive machen uns zum bevorzugten Partner f\u00fcr Ihre Projekte.\" \/>\n<meta name=\"robots\" content=\"index, follow, max-snippet:-1, max-image-preview:large, max-video-preview:-1\" \/>\n<link rel=\"canonical\" href=\"https:\/\/www.sumca.fr\/de\/unsere-maerkte\/\" \/>\n<meta property=\"og:locale\" content=\"de_DE\" \/>\n<meta property=\"og:type\" content=\"article\" \/>\n<meta property=\"og:title\" content=\"Unsere M\u00e4rkte - Sumca\" \/>\n<meta property=\"og:description\" content=\"Verbindungen in verschiedene M\u00e4rkte, von Elektronik bis zu Automotive machen uns zum bevorzugten Partner f\u00fcr Ihre Projekte.\" \/>\n<meta property=\"og:url\" content=\"https:\/\/www.sumca.fr\/de\/unsere-maerkte\/\" \/>\n<meta property=\"og:site_name\" content=\"Sumca\" \/>\n<meta property=\"article:modified_time\" content=\"2022-03-23T16:47:54+00:00\" \/>\n<meta name=\"twitter:card\" content=\"summary_large_image\" \/>\n<script type=\"application\/ld+json\" class=\"yoast-schema-graph\">{\"@context\":\"https:\\\/\\\/schema.org\",\"@graph\":[{\"@type\":\"WebPage\",\"@id\":\"https:\\\/\\\/www.sumca.fr\\\/de\\\/unsere-maerkte\\\/\",\"url\":\"https:\\\/\\\/www.sumca.fr\\\/de\\\/unsere-maerkte\\\/\",\"name\":\"Unsere M\u00e4rkte - Sumca\",\"isPartOf\":{\"@id\":\"https:\\\/\\\/www.sumca.fr\\\/de\\\/#website\"},\"datePublished\":\"2021-08-31T08:44:43+00:00\",\"dateModified\":\"2022-03-23T16:47:54+00:00\",\"description\":\"Verbindungen in verschiedene M\u00e4rkte, von Elektronik bis zu Automotive machen uns zum bevorzugten Partner f\u00fcr Ihre Projekte.\",\"breadcrumb\":{\"@id\":\"https:\\\/\\\/www.sumca.fr\\\/de\\\/unsere-maerkte\\\/#breadcrumb\"},\"inLanguage\":\"de\",\"potentialAction\":[{\"@type\":\"ReadAction\",\"target\":[\"https:\\\/\\\/www.sumca.fr\\\/de\\\/unsere-maerkte\\\/\"]}]},{\"@type\":\"BreadcrumbList\",\"@id\":\"https:\\\/\\\/www.sumca.fr\\\/de\\\/unsere-maerkte\\\/#breadcrumb\",\"itemListElement\":[{\"@type\":\"ListItem\",\"position\":1,\"name\":\"Sumca\",\"item\":\"https:\\\/\\\/www.sumca.fr\\\/de\\\/\"},{\"@type\":\"ListItem\",\"position\":2,\"name\":\"Unsere M\u00e4rkte\"}]},{\"@type\":\"WebSite\",\"@id\":\"https:\\\/\\\/www.sumca.fr\\\/de\\\/#website\",\"url\":\"https:\\\/\\\/www.sumca.fr\\\/de\\\/\",\"name\":\"Sumca\",\"description\":\"Un site utilisant WordPress\",\"publisher\":{\"@id\":\"https:\\\/\\\/www.sumca.fr\\\/de\\\/#organization\"},\"potentialAction\":[{\"@type\":\"SearchAction\",\"target\":{\"@type\":\"EntryPoint\",\"urlTemplate\":\"https:\\\/\\\/www.sumca.fr\\\/de\\\/?s={search_term_string}\"},\"query-input\":{\"@type\":\"PropertyValueSpecification\",\"valueRequired\":true,\"valueName\":\"search_term_string\"}}],\"inLanguage\":\"de\"},{\"@type\":\"Organization\",\"@id\":\"https:\\\/\\\/www.sumca.fr\\\/de\\\/#organization\",\"name\":\"Sumca\",\"url\":\"https:\\\/\\\/www.sumca.fr\\\/de\\\/\",\"logo\":{\"@type\":\"ImageObject\",\"inLanguage\":\"de\",\"@id\":\"https:\\\/\\\/www.sumca.fr\\\/de\\\/#\\\/schema\\\/logo\\\/image\\\/\",\"url\":\"https:\\\/\\\/www.sumca.fr\\\/wp-content\\\/uploads\\\/2021\\\/08\\\/logo-sumca.png\",\"contentUrl\":\"https:\\\/\\\/www.sumca.fr\\\/wp-content\\\/uploads\\\/2021\\\/08\\\/logo-sumca.png\",\"width\":247,\"height\":67,\"caption\":\"Sumca\"},\"image\":{\"@id\":\"https:\\\/\\\/www.sumca.fr\\\/de\\\/#\\\/schema\\\/logo\\\/image\\\/\"}}]}<\/script>\n<!-- \/ Yoast SEO plugin. -->","yoast_head_json":{"title":"Unsere M\u00e4rkte - Sumca","description":"Verbindungen in verschiedene M\u00e4rkte, von Elektronik bis zu Automotive machen uns zum bevorzugten Partner f\u00fcr Ihre Projekte.","robots":{"index":"index","follow":"follow","max-snippet":"max-snippet:-1","max-image-preview":"max-image-preview:large","max-video-preview":"max-video-preview:-1"},"canonical":"https:\/\/www.sumca.fr\/de\/unsere-maerkte\/","og_locale":"de_DE","og_type":"article","og_title":"Unsere M\u00e4rkte - Sumca","og_description":"Verbindungen in verschiedene M\u00e4rkte, von Elektronik bis zu Automotive machen uns zum bevorzugten Partner f\u00fcr Ihre Projekte.","og_url":"https:\/\/www.sumca.fr\/de\/unsere-maerkte\/","og_site_name":"Sumca","article_modified_time":"2022-03-23T16:47:54+00:00","twitter_card":"summary_large_image","schema":{"@context":"https:\/\/schema.org","@graph":[{"@type":"WebPage","@id":"https:\/\/www.sumca.fr\/de\/unsere-maerkte\/","url":"https:\/\/www.sumca.fr\/de\/unsere-maerkte\/","name":"Unsere M\u00e4rkte - Sumca","isPartOf":{"@id":"https:\/\/www.sumca.fr\/de\/#website"},"datePublished":"2021-08-31T08:44:43+00:00","dateModified":"2022-03-23T16:47:54+00:00","description":"Verbindungen in verschiedene M\u00e4rkte, von Elektronik bis zu Automotive machen uns zum bevorzugten Partner f\u00fcr Ihre Projekte.","breadcrumb":{"@id":"https:\/\/www.sumca.fr\/de\/unsere-maerkte\/#breadcrumb"},"inLanguage":"de","potentialAction":[{"@type":"ReadAction","target":["https:\/\/www.sumca.fr\/de\/unsere-maerkte\/"]}]},{"@type":"BreadcrumbList","@id":"https:\/\/www.sumca.fr\/de\/unsere-maerkte\/#breadcrumb","itemListElement":[{"@type":"ListItem","position":1,"name":"Sumca","item":"https:\/\/www.sumca.fr\/de\/"},{"@type":"ListItem","position":2,"name":"Unsere M\u00e4rkte"}]},{"@type":"WebSite","@id":"https:\/\/www.sumca.fr\/de\/#website","url":"https:\/\/www.sumca.fr\/de\/","name":"Sumca","description":"Un site utilisant WordPress","publisher":{"@id":"https:\/\/www.sumca.fr\/de\/#organization"},"potentialAction":[{"@type":"SearchAction","target":{"@type":"EntryPoint","urlTemplate":"https:\/\/www.sumca.fr\/de\/?s={search_term_string}"},"query-input":{"@type":"PropertyValueSpecification","valueRequired":true,"valueName":"search_term_string"}}],"inLanguage":"de"},{"@type":"Organization","@id":"https:\/\/www.sumca.fr\/de\/#organization","name":"Sumca","url":"https:\/\/www.sumca.fr\/de\/","logo":{"@type":"ImageObject","inLanguage":"de","@id":"https:\/\/www.sumca.fr\/de\/#\/schema\/logo\/image\/","url":"https:\/\/www.sumca.fr\/wp-content\/uploads\/2021\/08\/logo-sumca.png","contentUrl":"https:\/\/www.sumca.fr\/wp-content\/uploads\/2021\/08\/logo-sumca.png","width":247,"height":67,"caption":"Sumca"},"image":{"@id":"https:\/\/www.sumca.fr\/de\/#\/schema\/logo\/image\/"}}]}},"_links":{"self":[{"href":"https:\/\/www.sumca.fr\/de\/wp-json\/wp\/v2\/pages\/2354","targetHints":{"allow":["GET"]}}],"collection":[{"href":"https:\/\/www.sumca.fr\/de\/wp-json\/wp\/v2\/pages"}],"about":[{"href":"https:\/\/www.sumca.fr\/de\/wp-json\/wp\/v2\/types\/page"}],"author":[{"embeddable":true,"href":"https:\/\/www.sumca.fr\/de\/wp-json\/wp\/v2\/users\/7"}],"replies":[{"embeddable":true,"href":"https:\/\/www.sumca.fr\/de\/wp-json\/wp\/v2\/comments?post=2354"}],"version-history":[{"count":4,"href":"https:\/\/www.sumca.fr\/de\/wp-json\/wp\/v2\/pages\/2354\/revisions"}],"predecessor-version":[{"id":2480,"href":"https:\/\/www.sumca.fr\/de\/wp-json\/wp\/v2\/pages\/2354\/revisions\/2480"}],"wp:attachment":[{"href":"https:\/\/www.sumca.fr\/de\/wp-json\/wp\/v2\/media?parent=2354"}],"curies":[{"name":"wp","href":"https:\/\/api.w.org\/{rel}","templated":true}]}}